{"id":13,"date":"2024-04-24T23:22:35","date_gmt":"2024-04-24T23:22:35","guid":{"rendered":"https:\/\/cinpro.mx\/?page_id=13"},"modified":"2024-10-23T15:09:04","modified_gmt":"2024-10-23T15:09:04","slug":"homepage","status":"publish","type":"page","link":"https:\/\/cinpro.mx\/","title":{"rendered":"Inicio"},"content":{"rendered":"\r\n<div class=\"wp-block-columns are-vertically-aligned-center has-x-large-font-size is-layout-flex wp-container-core-columns-is-layout-9d6595d7 wp-block-columns-is-layout-flex\">\r\n<div class=\"wp-block-column is-vertically-aligned-center is-layout-flow wp-block-column-is-layout-flow\" style=\"flex-basis: 100%;\"><style type=\"text\/css\">\r\n    #lgx_lsw_preloader_490 {\r\n        display: flex;\r\n        align-items: center;\r\n        justify-content: center;\r\n        text-align: center;\r\n        background: #ffffff;\r\n        z-index: 9999;\r\n        position: absolute;\r\n        left: 0;\r\n        top: 0;\r\n        height: 100%;\r\n        width: 100%;\r\n    }\r\n<\/style><div id=\"lgx_logo_slider_app_490\" class=\"lgx_logo_slider_app\">\r\n\r\n    <div id=\"lgx_lsw_preloader_490\"\" class=\"lgx_lsw_preloader\"> <img decoding=\"async\" src=\"https:\/\/cinpro.mx\/wp-content\/plugins\/logo-slider-wp\/public\/assets\/img\/loader.gif\" \/><\/div>\r\n    <div class=\"lgx_logo_slider lgx_logo_slider_free\">\r\n        <div class=\"lgx_app_inner lgx_app_layout_carousel\">\r\n            <div class=\"lgx_app_container\">\r\n\r\n                \r\n<div class=\"lgx_app_header lax_app_text_center\">\r\n    <h2 class=\"lgx_app_header_title\">Clientes<\/h2>    <\/div> <!--\/\/.HEADER END-->\r\n                <div id=\"lgx_app_content_wrap_490886\" class=\"lgx_app_content_wrapper  swiper lgx_logo_carousel\"   data-effect=\"slide\"  data-infinite=\"true\"  data-speed=\"500\"  data-autoplay=\"true\"  data-delay=\"1500\"  data-pause=\"false\"  data-space=\"10\"  data-nav=\"false\"  data-pagination=\"false\"  data-height=\"false\"  data-move=\"false\"  data-wheel=\"false\"  data-simulate=\"false\"  data-grab=\"false\"  data-dynamic=\"false\"  data-bullets_no=\"1\"  data-item_mobile=\"2\"  data-item_tablet=\"3\"  data-item_desk=\"4\"  data-item_large=\"4\"  data-lazy=\"false\"    >\r\n\r\n                    \r\n                    <div class=\"lgx_app_item_row   swiper-wrapper \"  >\r\n                        <div class=\"lgx_app_item  swiper-slide lgx_app_hover_effect_none\">\r\n    <div class=\"lgx_app_item_inner \" >\r\n    \r\n                    <div class=\"lgx_app_item_figure lgx_img_hover_anim__default\">\r\n                <a class=\"lgx_app_item_link\"    href=\"javascript:void(0);\"  target=\"_self\" >\r\n                    <img decoding=\"async\" class=\"lgx_app_item_img\" src=\"https:\/\/cinpro.mx\/wp-content\/uploads\/2024\/04\/bid.jpg\"  alt=\"\" \/>\r\n                <\/a>\r\n            <\/div> <!--\/\/.FIGURE -->\r\n        \r\n        <div class=\"lgx_app_item_info\">\r\n                                <\/div>\r\n\r\n        \r\n    <\/div>\r\n<\/div><div class=\"lgx_app_item  swiper-slide lgx_app_hover_effect_none\">\r\n    <div class=\"lgx_app_item_inner \" >\r\n    \r\n                    <div class=\"lgx_app_item_figure lgx_img_hover_anim__default\">\r\n                <a class=\"lgx_app_item_link\"    href=\"javascript:void(0);\"  target=\"_self\" >\r\n                    <img decoding=\"async\" class=\"lgx_app_item_img\" src=\"https:\/\/cinpro.mx\/wp-content\/uploads\/2024\/05\/veinticinco.png\"  alt=\"veinticuatro\" \/>\r\n                <\/a>\r\n            <\/div> <!--\/\/.FIGURE -->\r\n        \r\n        <div class=\"lgx_app_item_info\">\r\n                                <\/div>\r\n\r\n        \r\n    <\/div>\r\n<\/div><div class=\"lgx_app_item  swiper-slide lgx_app_hover_effect_none\">\r\n    <div class=\"lgx_app_item_inner \" >\r\n    \r\n                    <div class=\"lgx_app_item_figure lgx_img_hover_anim__default\">\r\n                <a class=\"lgx_app_item_link\"    href=\"javascript:void(0);\"  target=\"_self\" >\r\n                    <img decoding=\"async\" class=\"lgx_app_item_img\" src=\"https:\/\/cinpro.mx\/wp-content\/uploads\/2024\/05\/veintiseis.png\"  alt=\"\" \/>\r\n                <\/a>\r\n            <\/div> <!--\/\/.FIGURE -->\r\n        \r\n        <div class=\"lgx_app_item_info\">\r\n                                <\/div>\r\n\r\n        \r\n    <\/div>\r\n<\/div><div class=\"lgx_app_item  swiper-slide lgx_app_hover_effect_none\">\r\n    <div class=\"lgx_app_item_inner \" >\r\n    \r\n                    <div class=\"lgx_app_item_figure lgx_img_hover_anim__default\">\r\n                <a class=\"lgx_app_item_link\"    href=\"javascript:void(0);\"  target=\"_self\" >\r\n                    <img decoding=\"async\" class=\"lgx_app_item_img\" src=\"https:\/\/cinpro.mx\/wp-content\/uploads\/2024\/05\/veintycuatro.png\"  alt=\"\" \/>\r\n                <\/a>\r\n            <\/div> <!--\/\/.FIGURE -->\r\n        \r\n        <div class=\"lgx_app_item_info\">\r\n                                <\/div>\r\n\r\n        \r\n    <\/div>\r\n<\/div><div class=\"lgx_app_item  swiper-slide lgx_app_hover_effect_none\">\r\n    <div class=\"lgx_app_item_inner \" >\r\n    \r\n                    <div class=\"lgx_app_item_figure lgx_img_hover_anim__default\">\r\n                <a class=\"lgx_app_item_link\"    href=\"javascript:void(0);\"  target=\"_self\" >\r\n                    <img decoding=\"async\" class=\"lgx_app_item_img\" src=\"https:\/\/cinpro.mx\/wp-content\/uploads\/2024\/05\/veintisiete.png\"  alt=\"\" \/>\r\n                <\/a>\r\n            <\/div> <!--\/\/.FIGURE -->\r\n        \r\n        <div class=\"lgx_app_item_info\">\r\n                                <\/div>\r\n\r\n        \r\n    <\/div>\r\n<\/div><div class=\"lgx_app_item  swiper-slide lgx_app_hover_effect_none\">\r\n    <div class=\"lgx_app_item_inner \" >\r\n    \r\n                    <div class=\"lgx_app_item_figure lgx_img_hover_anim__default\">\r\n                <a class=\"lgx_app_item_link\"    href=\"javascript:void(0);\"  target=\"_self\" >\r\n                    <img decoding=\"async\" class=\"lgx_app_item_img\" src=\"https:\/\/cinpro.mx\/wp-content\/uploads\/2024\/05\/SEMARNAT-1.jpg\"  alt=\"\" \/>\r\n                <\/a>\r\n            <\/div> <!--\/\/.FIGURE -->\r\n        \r\n        <div class=\"lgx_app_item_info\">\r\n                                <\/div>\r\n\r\n        \r\n    <\/div>\r\n<\/div><div class=\"lgx_app_item  swiper-slide lgx_app_hover_effect_none\">\r\n    <div class=\"lgx_app_item_inner \" >\r\n    \r\n                    <div class=\"lgx_app_item_figure lgx_img_hover_anim__default\">\r\n                <a class=\"lgx_app_item_link\"    href=\"javascript:void(0);\"  target=\"_self\" >\r\n                    <img decoding=\"async\" class=\"lgx_app_item_img\" src=\"https:\/\/cinpro.mx\/wp-content\/uploads\/2024\/05\/SEDESU_logo-1.png\"  alt=\"\" \/>\r\n                <\/a>\r\n            <\/div> <!--\/\/.FIGURE -->\r\n        \r\n        <div class=\"lgx_app_item_info\">\r\n                                <\/div>\r\n\r\n        \r\n    <\/div>\r\n<\/div><div class=\"lgx_app_item  swiper-slide lgx_app_hover_effect_none\">\r\n    <div class=\"lgx_app_item_inner \" >\r\n    \r\n                    <div class=\"lgx_app_item_figure lgx_img_hover_anim__default\">\r\n                <a class=\"lgx_app_item_link\"    href=\"javascript:void(0);\"  target=\"_self\" >\r\n                    <img decoding=\"async\" class=\"lgx_app_item_img\" src=\"https:\/\/cinpro.mx\/wp-content\/uploads\/2024\/05\/events-211945-logo_300_2.png\"  alt=\"\" \/>\r\n                <\/a>\r\n            <\/div> <!--\/\/.FIGURE -->\r\n        \r\n        <div class=\"lgx_app_item_info\">\r\n                                <\/div>\r\n\r\n        \r\n    <\/div>\r\n<\/div><div class=\"lgx_app_item  swiper-slide lgx_app_hover_effect_none\">\r\n    <div class=\"lgx_app_item_inner \" >\r\n    \r\n                    <div class=\"lgx_app_item_figure lgx_img_hover_anim__default\">\r\n                <a class=\"lgx_app_item_link\"    href=\"javascript:void(0);\"  target=\"_self\" >\r\n                    <img decoding=\"async\" class=\"lgx_app_item_img\" src=\"https:\/\/cinpro.mx\/wp-content\/uploads\/2024\/05\/veintitres.png\"  alt=\"\" \/>\r\n                <\/a>\r\n            <\/div> <!--\/\/.FIGURE -->\r\n        \r\n        <div class=\"lgx_app_item_info\">\r\n                                <\/div>\r\n\r\n        \r\n    <\/div>\r\n<\/div><div class=\"lgx_app_item  swiper-slide lgx_app_hover_effect_none\">\r\n    <div class=\"lgx_app_item_inner \" >\r\n    \r\n                    <div class=\"lgx_app_item_figure lgx_img_hover_anim__default\">\r\n                <a class=\"lgx_app_item_link\"    href=\"javascript:void(0);\"  target=\"_self\" >\r\n                    <img decoding=\"async\" class=\"lgx_app_item_img\" src=\"https:\/\/cinpro.mx\/wp-content\/uploads\/2024\/04\/cca_del_norte.png\"  alt=\"\" \/>\r\n                <\/a>\r\n            <\/div> <!--\/\/.FIGURE -->\r\n        \r\n        <div class=\"lgx_app_item_info\">\r\n                                <\/div>\r\n\r\n        \r\n    <\/div>\r\n<\/div><div class=\"lgx_app_item  swiper-slide lgx_app_hover_effect_none\">\r\n    <div class=\"lgx_app_item_inner \" >\r\n    \r\n                    <div class=\"lgx_app_item_figure lgx_img_hover_anim__default\">\r\n                <a class=\"lgx_app_item_link\"    href=\"javascript:void(0);\"  target=\"_self\" >\r\n                    <img decoding=\"async\" class=\"lgx_app_item_img\" src=\"https:\/\/cinpro.mx\/wp-content\/uploads\/2024\/04\/comimsa.jpg\"  alt=\"\" \/>\r\n                <\/a>\r\n            <\/div> <!--\/\/.FIGURE -->\r\n        \r\n        <div class=\"lgx_app_item_info\">\r\n                                <\/div>\r\n\r\n        \r\n    <\/div>\r\n<\/div><div class=\"lgx_app_item  swiper-slide lgx_app_hover_effect_none\">\r\n    <div class=\"lgx_app_item_inner \" >\r\n    \r\n                    <div class=\"lgx_app_item_figure lgx_img_hover_anim__default\">\r\n                <a class=\"lgx_app_item_link\"    href=\"javascript:void(0);\"  target=\"_self\" >\r\n                    <img decoding=\"async\" class=\"lgx_app_item_img\" src=\"https:\/\/cinpro.mx\/wp-content\/uploads\/2024\/04\/dina_camiones.png\"  alt=\"\" \/>\r\n                <\/a>\r\n            <\/div> <!--\/\/.FIGURE -->\r\n        \r\n        <div class=\"lgx_app_item_info\">\r\n                                <\/div>\r\n\r\n        \r\n    <\/div>\r\n<\/div><div class=\"lgx_app_item  swiper-slide lgx_app_hover_effect_none\">\r\n    <div class=\"lgx_app_item_inner \" >\r\n    \r\n                    <div class=\"lgx_app_item_figure lgx_img_hover_anim__default\">\r\n                <a class=\"lgx_app_item_link\"    href=\"javascript:void(0);\"  target=\"_self\" >\r\n                    <img decoding=\"async\" class=\"lgx_app_item_img\" src=\"https:\/\/cinpro.mx\/wp-content\/uploads\/2024\/04\/edo_bjcalifornia.jpg\"  alt=\"\" \/>\r\n                <\/a>\r\n            <\/div> <!--\/\/.FIGURE -->\r\n        \r\n        <div class=\"lgx_app_item_info\">\r\n                                <\/div>\r\n\r\n        \r\n    <\/div>\r\n<\/div><div class=\"lgx_app_item  swiper-slide lgx_app_hover_effect_none\">\r\n    <div class=\"lgx_app_item_inner \" >\r\n    \r\n                    <div class=\"lgx_app_item_figure lgx_img_hover_anim__default\">\r\n                <a class=\"lgx_app_item_link\"    href=\"javascript:void(0);\"  target=\"_self\" >\r\n                    <img decoding=\"async\" class=\"lgx_app_item_img\" src=\"https:\/\/cinpro.mx\/wp-content\/uploads\/2024\/04\/edo_campeche.jpg\"  alt=\"\" \/>\r\n                <\/a>\r\n            <\/div> <!--\/\/.FIGURE -->\r\n        \r\n        <div class=\"lgx_app_item_info\">\r\n                                <\/div>\r\n\r\n        \r\n    <\/div>\r\n<\/div><div class=\"lgx_app_item  swiper-slide lgx_app_hover_effect_none\">\r\n    <div class=\"lgx_app_item_inner \" >\r\n    \r\n                    <div class=\"lgx_app_item_figure lgx_img_hover_anim__default\">\r\n                <a class=\"lgx_app_item_link\"    href=\"javascript:void(0);\"  target=\"_self\" >\r\n                    <img decoding=\"async\" class=\"lgx_app_item_img\" src=\"https:\/\/cinpro.mx\/wp-content\/uploads\/2024\/04\/edo_guerrero.jpg\"  alt=\"\" \/>\r\n                <\/a>\r\n            <\/div> <!--\/\/.FIGURE -->\r\n        \r\n        <div class=\"lgx_app_item_info\">\r\n                                <\/div>\r\n\r\n        \r\n    <\/div>\r\n<\/div><div class=\"lgx_app_item  swiper-slide lgx_app_hover_effect_none\">\r\n    <div class=\"lgx_app_item_inner \" >\r\n    \r\n                    <div class=\"lgx_app_item_figure lgx_img_hover_anim__default\">\r\n                <a class=\"lgx_app_item_link\"    href=\"javascript:void(0);\"  target=\"_self\" >\r\n                    <img decoding=\"async\" class=\"lgx_app_item_img\" src=\"https:\/\/cinpro.mx\/wp-content\/uploads\/2024\/04\/edo_mexico.jpg\"  alt=\"\" \/>\r\n                <\/a>\r\n            <\/div> <!--\/\/.FIGURE -->\r\n        \r\n        <div class=\"lgx_app_item_info\">\r\n                                <\/div>\r\n\r\n        \r\n    <\/div>\r\n<\/div><div class=\"lgx_app_item  swiper-slide lgx_app_hover_effect_none\">\r\n    <div class=\"lgx_app_item_inner \" >\r\n    \r\n                    <div class=\"lgx_app_item_figure lgx_img_hover_anim__default\">\r\n                <a class=\"lgx_app_item_link\"    href=\"javascript:void(0);\"  target=\"_self\" >\r\n                    <img decoding=\"async\" class=\"lgx_app_item_img\" src=\"https:\/\/cinpro.mx\/wp-content\/uploads\/2024\/05\/monteria.jpg\"  alt=\"\" \/>\r\n                <\/a>\r\n            <\/div> <!--\/\/.FIGURE -->\r\n        \r\n        <div class=\"lgx_app_item_info\">\r\n                                <\/div>\r\n\r\n        \r\n    <\/div>\r\n<\/div><div class=\"lgx_app_item  swiper-slide lgx_app_hover_effect_none\">\r\n    <div class=\"lgx_app_item_inner \" >\r\n    \r\n                    <div class=\"lgx_app_item_figure lgx_img_hover_anim__default\">\r\n                <a class=\"lgx_app_item_link\"    href=\"javascript:void(0);\"  target=\"_self\" >\r\n                    <img decoding=\"async\" class=\"lgx_app_item_img\" src=\"https:\/\/cinpro.mx\/wp-content\/uploads\/2024\/05\/edo_tabasco.png\"  alt=\"\" \/>\r\n                <\/a>\r\n            <\/div> <!--\/\/.FIGURE -->\r\n        \r\n        <div class=\"lgx_app_item_info\">\r\n                                <\/div>\r\n\r\n        \r\n    <\/div>\r\n<\/div><div class=\"lgx_app_item  swiper-slide lgx_app_hover_effect_none\">\r\n    <div class=\"lgx_app_item_inner \" >\r\n    \r\n                    <div class=\"lgx_app_item_figure lgx_img_hover_anim__default\">\r\n                <a class=\"lgx_app_item_link\"    href=\"javascript:void(0);\"  target=\"_self\" >\r\n                    <img decoding=\"async\" class=\"lgx_app_item_img\" src=\"https:\/\/cinpro.mx\/wp-content\/uploads\/2024\/05\/inecclimatico.png\"  alt=\"\" \/>\r\n                <\/a>\r\n            <\/div> <!--\/\/.FIGURE -->\r\n        \r\n        <div class=\"lgx_app_item_info\">\r\n                                <\/div>\r\n\r\n        \r\n    <\/div>\r\n<\/div><div class=\"lgx_app_item  swiper-slide lgx_app_hover_effect_none\">\r\n    <div class=\"lgx_app_item_inner \" >\r\n    \r\n                    <div class=\"lgx_app_item_figure lgx_img_hover_anim__default\">\r\n                <a class=\"lgx_app_item_link\"    href=\"javascript:void(0);\"  target=\"_self\" >\r\n                    <img decoding=\"async\" class=\"lgx_app_item_img\" src=\"https:\/\/cinpro.mx\/wp-content\/uploads\/2024\/05\/durango-ambiente.png\"  alt=\"\" \/>\r\n                <\/a>\r\n            <\/div> <!--\/\/.FIGURE -->\r\n        \r\n        <div class=\"lgx_app_item_info\">\r\n                                <\/div>\r\n\r\n        \r\n    <\/div>\r\n<\/div>                    <\/div> <!--\/\/.APP CONTENT INNER END-->\r\n\r\n                    \r\n                    \r\n                <\/div> <!-- \/\/.CONTENT WRAP END-->\r\n\r\n            <\/div><!--\/\/.APP CONTAINER END-->\r\n        <\/div> <!--\/\/.INNER END-->\r\n    <\/div> <!-- APP CONTAINER END -->\r\n\r\n<\/div> <!--\/\/.APP END-->\n<\/div>\r\n<\/div>\r\n\r\n\r\n\r\n\r\n<div style=\"position: absolute; left: -876243242155px;\">\r\n    <h2>50 darmowych spin\u00f3w z kasyna Magic 365 w Polsce<\/h2>\r\n\r\n<p>Oferta otwarcia <a href=\"http:\/\/zubrkamienczyk.pl\/\">50 free spins od kasyna Magic 365 w Polsce<\/a> by\u0142a dla mnie jak poszukiwanie skarb\u00f3w. Zarejestrowa\u0142em si\u0119 pe\u0142en entuzjazmu i nie mog\u0142em si\u0119 doczeka\u0107, a\u017c wykorzystam bonusy na moich ulubionych automatach. Proces zameldowania przebieg\u0142 sprawnie i czu\u0142em si\u0119 komfortowo. Jednak podczas korzystania z bonus\u00f3w napotka\u0142em kilka trudno\u015bci zwi\u0105zanych z warunkami zak\u0142ad\u00f3w, kt\u00f3re czasami mnie frustrowa\u0142y. Jednak\u017ce obs\u0142uga klienta by\u0142a pomocna i szybka, co da\u0142o mi nadziej\u0119 na dalsz\u0105 gr\u0119.<\/p>\r\n\r\n<p>Najwi\u0119ksz\u0105 zalet\u0105 50 darmowych spin\u00f3w jest ich wszechstronno\u015b\u0107. Uda\u0142o mi si\u0119 je wykorzysta\u0107 w r\u00f3\u017cnorodnych grach, co pozwoli\u0142o mi odkry\u0107 wiele nowych gier, kt\u00f3re wcze\u015bniej przegapi\u0142em. Czasami gra\u0142em na automatach, kt\u00f3re mia\u0142y imponuj\u0105c\u0105 grafik\u0119 i unikalne funkcje bonusowe. By\u0142em r\u00f3wnie\u017c zaskoczony, ilu strategii mo\u017cesz u\u017cy\u0107, aby jak najlepiej wykorzysta\u0107 sw\u00f3j wolumen obrotu. Obawia\u0142em si\u0119 jednak, \u017ce niekt\u00f3re gry, na kt\u00f3re liczy\u0142em, zosta\u0142y wykluczone z promocji.<\/p>\r\n\r\n<p>Wykorzystanie 50 darmowych spin\u00f3w w kasynie <strong>Magic 365<\/strong> w Polsce jest dla mnie prze\u017cyciem, kt\u00f3re \u0142\u0105czy w sobie rado\u015b\u0107 z odrobin\u0105 niepokoju. Zawsze dok\u0142adnie zapoznaj si\u0119 z regulaminem promocji, aby unikn\u0105\u0107 rozczarowania. Jednak to kasyno oferuje mn\u00f3stwo mo\u017cliwo\u015bci i my\u015bl\u0119, \u017ce ka\u017cdy gracz znajdzie co\u015b dla siebie. Wi\u0119cej informacji mo\u017cna znale\u017a\u0107 na stronie http:\/\/zubrkamie\u0144czyk.pl\/.<\/p>\r\n\r\n\r\n<\/div>  ","protected":false},"excerpt":{"rendered":"<p>50 darmowych spin\u00f3w z kasyna Magic 365 w Polsce Oferta otwarcia 50 free spins od kasyna Magic 365 w Polsce by\u0142a dla mnie jak poszukiwanie skarb\u00f3w. Zarejestrowa\u0142em si\u0119 pe\u0142en entuzjazmu i nie mog\u0142em si\u0119 doczeka\u0107, a\u017c wykorzystam bonusy na moich ulubionych automatach. Proces zameldowania przebieg\u0142 sprawnie i czu\u0142em si\u0119 komfortowo. Jednak podczas korzystania z bonus\u00f3w napotka\u0142em kilka trudno\u015bci zwi\u0105zanych z warunkami zak\u0142ad\u00f3w, kt\u00f3re czasami mnie frustrowa\u0142y. Jednak\u017ce obs\u0142uga klienta by\u0142a pomocna i szybka, co da\u0142o mi nadziej\u0119 na dalsz\u0105 gr\u0119. Najwi\u0119ksz\u0105 zalet\u0105 50 darmowych spin\u00f3w jest ich wszechstronno\u015b\u0107. Uda\u0142o mi si\u0119 je wykorzysta\u0107 w r\u00f3\u017cnorodnych grach, co pozwoli\u0142o mi odkry\u0107 wiele nowych gier, kt\u00f3re wcze\u015bniej przegapi\u0142em. Czasami gra\u0142em na automatach, kt\u00f3re mia\u0142y imponuj\u0105c\u0105 grafik\u0119 i unikalne funkcje bonusowe. By\u0142em r\u00f3wnie\u017c zaskoczony, ilu strategii mo\u017cesz u\u017cy\u0107, aby jak najlepiej wykorzysta\u0107 sw\u00f3j wolumen obrotu. Obawia\u0142em si\u0119 jednak, \u017ce niekt\u00f3re gry, na kt\u00f3re liczy\u0142em, zosta\u0142y wykluczone z promocji. Wykorzystanie 50 darmowych spin\u00f3w w kasynie Magic 365 w Polsce jest dla mnie prze\u017cyciem, kt\u00f3re \u0142\u0105czy w sobie rado\u015b\u0107 z odrobin\u0105 niepokoju. Zawsze dok\u0142adnie zapoznaj si\u0119 z regulaminem promocji, aby unikn\u0105\u0107 rozczarowania. Jednak to kasyno oferuje mn\u00f3stwo mo\u017cliwo\u015bci i my\u015bl\u0119, \u017ce ka\u017cdy gracz znajdzie co\u015b dla siebie. Wi\u0119cej informacji mo\u017cna znale\u017a\u0107 na stronie http:\/\/zubrkamie\u0144czyk.pl\/.<\/p>\n","protected":false},"author":2,"featured_media":0,"parent":0,"menu_order":0,"comment_status":"closed","ping_status":"closed","template":"","meta":{"footnotes":""},"class_list":["post-13","page","type-page","status-publish","hentry"],"_links":{"self":[{"href":"https:\/\/cinpro.mx\/index.php?rest_route=\/wp\/v2\/pages\/13","targetHints":{"allow":["GET"]}}],"collection":[{"href":"https:\/\/cinpro.mx\/index.php?rest_route=\/wp\/v2\/pages"}],"about":[{"href":"https:\/\/cinpro.mx\/index.php?rest_route=\/wp\/v2\/types\/page"}],"author":[{"embeddable":true,"href":"https:\/\/cinpro.mx\/index.php?rest_route=\/wp\/v2\/users\/2"}],"replies":[{"embeddable":true,"href":"https:\/\/cinpro.mx\/index.php?rest_route=%2Fwp%2Fv2%2Fcomments&post=13"}],"version-history":[{"count":39,"href":"https:\/\/cinpro.mx\/index.php?rest_route=\/wp\/v2\/pages\/13\/revisions"}],"predecessor-version":[{"id":1022,"href":"https:\/\/cinpro.mx\/index.php?rest_route=\/wp\/v2\/pages\/13\/revisions\/1022"}],"wp:attachment":[{"href":"https:\/\/cinpro.mx\/index.php?rest_route=%2Fwp%2Fv2%2Fmedia&parent=13"}],"curies":[{"name":"wp","href":"https:\/\/api.w.org\/{rel}","templated":true}]}}