{"id":993,"date":"2024-06-05T17:56:24","date_gmt":"2024-06-05T17:56:24","guid":{"rendered":"https:\/\/cinpro.mx\/?page_id=993"},"modified":"2024-06-18T14:49:57","modified_gmt":"2024-06-18T14:49:57","slug":"inecc","status":"publish","type":"page","link":"https:\/\/cinpro.mx\/?page_id=993","title":{"rendered":"INECC"},"content":{"rendered":"<p><font size=4px color=#0A0A0A><\/p>\n<p align=\"justify\"><em>El Instituto Nacional de Ecolog\u00eda y Cambio Clim\u00e1tico (INECC), a trav\u00e9s de su objetivo primario del Programa Institucional establece que debe \u201cgenerar conocimiento e incrementar las capacidades de investigaci\u00f3n y desarrollo tecnol\u00f3gico en medio ambiente, ecosistemas, crecimiento verde y cambio clim\u00e1tico\u201d, atiende a la estrategia del objetivo 3.10 del Plan Nacional de Desarrollo el cual indica que se debe \u201cfomentar un desarrollo econ\u00f3mico que promueva la reducci\u00f3n de emisiones de gases y compuestos de efecto invernadero y la adaptaci\u00f3n al cambio clim\u00e1tico para mejorarla calidad de vida de la poblaci\u00f3n\u201d.<\/em><\/p>\n<p align=\"justify\"><em>El objetivo general del proyecto fue desarrollar materiales de cuatro medidas de mitigaci\u00f3n para que el INECC, a trav\u00e9s de capacitaci\u00f3n, pueda apoyar t\u00e9cnicamente a las entidades federativas y\/o municipios, orientados a la cuantificaci\u00f3n de acciones de mitigaci\u00f3n del cambio clim\u00e1tico con enfoque tecnol\u00f3gico, que sean medibles, reportables y verificables, y que puedan contabilizarse como contribuciones a las Contribuciones Nacionalmente Determinadas (CND) del pa\u00eds.<\/em><\/p>\n<p align=\"justify\"><em>Para lo cual se dise\u00f1\u00f3 una propuesta pedag\u00f3gica y y su metodolog\u00eda de impartici\u00f3n, basada en procesos de pensamiento creativo (design thinking process), recopilando las buenas pr\u00e1cticas de capacitaci\u00f3n especializada en cambio clim\u00e1tico y acciones de mitigaci\u00f3n de GyCEI, basados en las metodolog\u00edas internacionalmente aceptadas como las directrices del Mecanismo de Desarrollo Limpio (MDL), Gold Standard u otras de aceptaci\u00f3n internacional, para la estimaci\u00f3n de la reducci\u00f3n de las emisiones de gases de efecto invernadero.<\/em><\/p>\n<p align=\"justify\"><em>Se produjeron los materiales de cuatro medidas de mitigaci\u00f3n de capacitaci\u00f3n con sus respectivas herramientas de c\u00e1lculo, videos, anexos y manuales (manual para el usuario y para el instructor):<\/em><\/p>\n<ol>\n<li>\n<p align=\"justify\"><em>Uso de gas generado por rellenos sanitarios.<\/em><\/p>\n<\/li>\n<li>\n<p align=\"justify\"><em>Cambio de combustible f\u00f3sil a biomasa para aplicaciones t\u00e9rmicas en sector industrial.<\/em><\/p>\n<\/li>\n<li>\n<p align=\"justify\"><em>Instrumentaci\u00f3n de medidas de eficiencia energ\u00e9tica en inmuebles e instalaciones industriales de las unidades de la Administraci\u00f3n P\u00fablica.<\/em><\/p>\n<\/li>\n<li>\n<p align=\"justify\"><em>Uso de biodigestores para la mejora de los sistemas de gesti\u00f3n de residuos en los sistemas de producci\u00f3n animal.<\/em><\/p>\n<\/li>\n<\/ol>\n<p><\/font><\/p>\n","protected":false},"excerpt":{"rendered":"<p>El Instituto Nacional de Ecolog\u00eda y Cambio Clim\u00e1tico (INECC), a trav\u00e9s de su objetivo primario del Programa Institucional establece que debe \u201cgenerar conocimiento e incrementar las capacidades de investigaci\u00f3n y desarrollo tecnol\u00f3gico en medio ambiente, ecosistemas, crecimiento verde y cambio clim\u00e1tico\u201d, atiende a la estrategia del objetivo 3.10 del Plan Nacional de Desarrollo el cual indica que se debe \u201cfomentar un desarrollo econ\u00f3mico que promueva la reducci\u00f3n de emisiones de gases y compuestos de efecto invernadero y la adaptaci\u00f3n al cambio clim\u00e1tico para mejorarla calidad de vida de la poblaci\u00f3n\u201d. El objetivo general del proyecto fue desarrollar materiales de cuatro medidas de mitigaci\u00f3n para que el INECC, a trav\u00e9s de capacitaci\u00f3n, pueda apoyar t\u00e9cnicamente a las entidades federativas y\/o municipios, orientados a la cuantificaci\u00f3n de acciones de mitigaci\u00f3n del cambio clim\u00e1tico con enfoque tecnol\u00f3gico, que sean medibles, reportables y verificables, y que puedan contabilizarse como contribuciones a las Contribuciones Nacionalmente Determinadas (CND) del pa\u00eds. Para lo cual se dise\u00f1\u00f3 una propuesta pedag\u00f3gica y y su metodolog\u00eda de impartici\u00f3n, basada en procesos de pensamiento creativo (design thinking process), recopilando las buenas pr\u00e1cticas de capacitaci\u00f3n especializada en cambio clim\u00e1tico y acciones de mitigaci\u00f3n de GyCEI, basados en las metodolog\u00edas internacionalmente aceptadas como las directrices del Mecanismo de Desarrollo Limpio (MDL), Gold Standard u otras de aceptaci\u00f3n internacional, para la estimaci\u00f3n de la reducci\u00f3n de las emisiones de gases de efecto invernadero. Se produjeron los materiales de cuatro medidas de mitigaci\u00f3n de capacitaci\u00f3n con sus respectivas herramientas de c\u00e1lculo, videos, anexos y manuales (manual para el usuario y para el instructor): Uso de gas generado por rellenos sanitarios. Cambio de combustible f\u00f3sil a biomasa para aplicaciones t\u00e9rmicas en sector industrial. Instrumentaci\u00f3n de medidas de eficiencia energ\u00e9tica en inmuebles e instalaciones industriales de las unidades de la Administraci\u00f3n P\u00fablica. Uso de biodigestores para la mejora de los sistemas de gesti\u00f3n de residuos en los sistemas de producci\u00f3n animal.<\/p>\n","protected":false},"author":2,"featured_media":0,"parent":0,"menu_order":0,"comment_status":"closed","ping_status":"closed","template":"","meta":{"footnotes":""},"class_list":["post-993","page","type-page","status-publish","hentry"],"_links":{"self":[{"href":"https:\/\/cinpro.mx\/index.php?rest_route=\/wp\/v2\/pages\/993","targetHints":{"allow":["GET"]}}],"collection":[{"href":"https:\/\/cinpro.mx\/index.php?rest_route=\/wp\/v2\/pages"}],"about":[{"href":"https:\/\/cinpro.mx\/index.php?rest_route=\/wp\/v2\/types\/page"}],"author":[{"embeddable":true,"href":"https:\/\/cinpro.mx\/index.php?rest_route=\/wp\/v2\/users\/2"}],"replies":[{"embeddable":true,"href":"https:\/\/cinpro.mx\/index.php?rest_route=%2Fwp%2Fv2%2Fcomments&post=993"}],"version-history":[{"count":4,"href":"https:\/\/cinpro.mx\/index.php?rest_route=\/wp\/v2\/pages\/993\/revisions"}],"predecessor-version":[{"id":1016,"href":"https:\/\/cinpro.mx\/index.php?rest_route=\/wp\/v2\/pages\/993\/revisions\/1016"}],"wp:attachment":[{"href":"https:\/\/cinpro.mx\/index.php?rest_route=%2Fwp%2Fv2%2Fmedia&parent=993"}],"curies":[{"name":"wp","href":"https:\/\/api.w.org\/{rel}","templated":true}]}}