{"id":998,"date":"2024-06-05T18:05:54","date_gmt":"2024-06-05T18:05:54","guid":{"rendered":"https:\/\/cinpro.mx\/?page_id=998"},"modified":"2024-06-18T14:51:24","modified_gmt":"2024-06-18T14:51:24","slug":"semarnat-3","status":"publish","type":"page","link":"https:\/\/cinpro.mx\/?page_id=998","title":{"rendered":"SEMARNAT"},"content":{"rendered":"<p><font size=4px color=#0A0A0A><\/p>\n<p align=\"justify\"><em>El objetivo general del proyecto fue actualizar el inventario de emisiones de fuentes fijas, \u00e1rea y naturales para la Ciudad de M\u00e9xico, Estado de M\u00e9xico, Jalisco y Nuevo Le\u00f3n, a\u00f1o base 2018; para conocer que fuentes contribuyen a la emisi\u00f3n de contaminantes y en qu\u00e9 cantidad, lo que permita identificar fuentes donde se puedan establecer medidas de control.<\/em><\/p>\n<p align=\"justify\"><em>La actualizaci\u00f3n del Inventario de Emisiones comprendi\u00f3 informaci\u00f3n de las emisiones liberadas a la atm\u00f3sfera de los contaminantes: mon\u00f3xido de carbono (CO), \u00f3xidos de nitr\u00f3geno (NO<sub>X<\/sub>), di\u00f3xido de azufre (SO<sub>2<\/sub>) y part\u00edculas con di\u00e1metro aerodin\u00e1mico menor a 10 y 2.5 micr\u00f3metros (PM<sub>10<\/sub> y PM<sub>2.5<\/sub>), compuestos org\u00e1nicos vol\u00e1tiles (COV) y amonio (NH<sub>3<\/sub>), emitidos por las distintas fuentes fijas, de \u00e1rea y naturales. Para el desarrollo del inventario se utilizaron las metodolog\u00edas establecidas por la SEMARNAT en los manuales del Programa de inventarios de emisiones de M\u00e9xico, la compilaci\u00f3n de factores de emisi\u00f3n de contaminantes atmosf\u00e9ricos de la USEPA, as\u00ed como consideraciones y estudios espec\u00edficos para M\u00e9xico que se han generado a trav\u00e9s del INEM.<\/em><\/p>\n<p align=\"justify\"><em>La informaci\u00f3n, as\u00ed como los resultados de la estimaci\u00f3n de las emisiones se someti\u00f3 a un proceso de control de calidad, en el cual se document\u00f3 las fuentes de informaci\u00f3n, el procedimiento, as\u00ed como la rastreabilidad y reproducibilidad de las estimaciones de las emisiones.<\/em><\/p>\n<p align=\"justify\"><em>Se determin\u00f3 la distribuci\u00f3n espacial de fuentes y contaminante de acuerdo a sus caracter\u00edsticas a nivel estatal, zona metropolitana, municipio, algunas fuentes a nivel de AGEB, y a nivel de industria.<\/em><\/p>\n<p><\/font><\/p>\n","protected":false},"excerpt":{"rendered":"<p>El objetivo general del proyecto fue actualizar el inventario de emisiones de fuentes fijas, \u00e1rea y naturales para la Ciudad de M\u00e9xico, Estado de M\u00e9xico, Jalisco y Nuevo Le\u00f3n, a\u00f1o base 2018; para conocer que fuentes contribuyen a la emisi\u00f3n de contaminantes y en qu\u00e9 cantidad, lo que permita identificar fuentes donde se puedan establecer medidas de control. La actualizaci\u00f3n del Inventario de Emisiones comprendi\u00f3 informaci\u00f3n de las emisiones liberadas a la atm\u00f3sfera de los contaminantes: mon\u00f3xido de carbono (CO), \u00f3xidos de nitr\u00f3geno (NOX), di\u00f3xido de azufre (SO2) y part\u00edculas con di\u00e1metro aerodin\u00e1mico menor a 10 y 2.5 micr\u00f3metros (PM10 y PM2.5), compuestos org\u00e1nicos vol\u00e1tiles (COV) y amonio (NH3), emitidos por las distintas fuentes fijas, de \u00e1rea y naturales. Para el desarrollo del inventario se utilizaron las metodolog\u00edas establecidas por la SEMARNAT en los manuales del Programa de inventarios de emisiones de M\u00e9xico, la compilaci\u00f3n de factores de emisi\u00f3n de contaminantes atmosf\u00e9ricos de la USEPA, as\u00ed como consideraciones y estudios espec\u00edficos para M\u00e9xico que se han generado a trav\u00e9s del INEM. La informaci\u00f3n, as\u00ed como los resultados de la estimaci\u00f3n de las emisiones se someti\u00f3 a un proceso de control de calidad, en el cual se document\u00f3 las fuentes de informaci\u00f3n, el procedimiento, as\u00ed como la rastreabilidad y reproducibilidad de las estimaciones de las emisiones. Se determin\u00f3 la distribuci\u00f3n espacial de fuentes y contaminante de acuerdo a sus caracter\u00edsticas a nivel estatal, zona metropolitana, municipio, algunas fuentes a nivel de AGEB, y a nivel de industria.<\/p>\n","protected":false},"author":2,"featured_media":0,"parent":0,"menu_order":0,"comment_status":"closed","ping_status":"closed","template":"","meta":{"footnotes":""},"class_list":["post-998","page","type-page","status-publish","hentry"],"_links":{"self":[{"href":"https:\/\/cinpro.mx\/index.php?rest_route=\/wp\/v2\/pages\/998","targetHints":{"allow":["GET"]}}],"collection":[{"href":"https:\/\/cinpro.mx\/index.php?rest_route=\/wp\/v2\/pages"}],"about":[{"href":"https:\/\/cinpro.mx\/index.php?rest_route=\/wp\/v2\/types\/page"}],"author":[{"embeddable":true,"href":"https:\/\/cinpro.mx\/index.php?rest_route=\/wp\/v2\/users\/2"}],"replies":[{"embeddable":true,"href":"https:\/\/cinpro.mx\/index.php?rest_route=%2Fwp%2Fv2%2Fcomments&post=998"}],"version-history":[{"count":3,"href":"https:\/\/cinpro.mx\/index.php?rest_route=\/wp\/v2\/pages\/998\/revisions"}],"predecessor-version":[{"id":1017,"href":"https:\/\/cinpro.mx\/index.php?rest_route=\/wp\/v2\/pages\/998\/revisions\/1017"}],"wp:attachment":[{"href":"https:\/\/cinpro.mx\/index.php?rest_route=%2Fwp%2Fv2%2Fmedia&parent=998"}],"curies":[{"name":"wp","href":"https:\/\/api.w.org\/{rel}","templated":true}]}}